{"id":1032,"date":"2016-05-13T18:02:32","date_gmt":"2016-05-13T16:02:32","guid":{"rendered":"http:\/\/alventis.cz\/alpha\/?page_id=1032"},"modified":"2016-07-30T18:03:00","modified_gmt":"2016-07-30T16:03:00","slug":"cs-86-hi-system-pro-okna-a-dvere-v-exterieru","status":"publish","type":"page","link":"https:\/\/alventis.cz\/index.php\/vyrobni-program\/hlinikove-vyplne-otvoru\/hlinikova-okna-a-dvere\/cs-86-hi-system-pro-okna-a-dvere-v-exterieru\/","title":{"rendered":"CS 86 &#8211; HI &#8211; syst\u00e9m pro okna a dve\u0159e v exteri\u00e9ru"},"content":{"rendered":"<div style=\"width: 100%;\">\n<div style=\"width: 60%; float: left;\">\n<ul>\n<li>efektivn\u00ed a vysoce tepeln\u011b izolovan\u00fd syst\u00e9m s hodnotou Uf a\u017e 1,2 W\/m2 K<\/li>\n<li>tlou\u0161\u0165ka zasklen\u00ed a\u017e 62 mm<\/li>\n<li>stavebn\u00ed hloubka r\u00e1mu 77 mm, okenn\u00edho k\u0159\u00eddla 86 mm<\/li>\n<li>minim\u00e1ln\u00ed pohledov\u00e1 \u0161\u00ed\u0159ka r\u00e1mu okna 51 mm, k\u0159\u00eddla\u00a035 mm<\/li>\n<li>povrchov\u00e9 \u00fapravy: lakov\u00e1n\u00ed RAL, COATEX a ELOX\u00c1\u017d<\/li>\n<\/ul>\n<p><!-- index.php -->\n<div\n\tclass=\"ngg-galleryoverview ngg-ajax-pagination-none\"\n\tid=\"ngg-gallery-1140-1\">\n\n    \t\t<!-- Thumbnails -->\n\t\t\t\t<div id=\"ngg-image-0\" class=\"ngg-gallery-thumbnail-box\" >\n\t\t\t\t        <div class=\"ngg-gallery-thumbnail\">\n            <a href=\"https:\/\/alventis.cz\/wp-content\/gallery\/cs-86-hi\/profil_86.jpg\"\n               title=\"CS 86 - HI\"\n               data-src=\"https:\/\/alventis.cz\/wp-content\/gallery\/cs-86-hi\/profil_86.jpg\"\n               data-thumbnail=\"https:\/\/alventis.cz\/wp-content\/gallery\/cs-86-hi\/thumbs\/thumbs_profil_86.jpg\"\n               data-image-id=\"35\"\n               data-title=\"CS 86 - HI\"\n               data-description=\"CS 86 - HI\"\n               data-image-slug=\"profil_86\"\n               class=\"ngg-fancybox\" rel=\"1140\">\n                <img\n                    title=\"CS 86 - HI\"\n                    alt=\"CS 86 - HI\"\n                    src=\"https:\/\/alventis.cz\/wp-content\/gallery\/cs-86-hi\/thumbs\/thumbs_profil_86.jpg\"\n                    width=\"240\"\n                    height=\"160\"\n                    style=\"max-width:100%;\"\n                \/>\n            <\/a>\n        <\/div>\n\t\t\t\t\t\t\t<\/div> \n\t\t\t\n        \n\t\t\t\t<div id=\"ngg-image-1\" class=\"ngg-gallery-thumbnail-box\" >\n\t\t\t\t        <div class=\"ngg-gallery-thumbnail\">\n            <a href=\"https:\/\/alventis.cz\/wp-content\/gallery\/cs-86-hi\/vykres_86.jpg\"\n               title=\"CS 86 - HI\"\n               data-src=\"https:\/\/alventis.cz\/wp-content\/gallery\/cs-86-hi\/vykres_86.jpg\"\n               data-thumbnail=\"https:\/\/alventis.cz\/wp-content\/gallery\/cs-86-hi\/thumbs\/thumbs_vykres_86.jpg\"\n               data-image-id=\"36\"\n               data-title=\"CS 86 - HI\"\n               data-description=\"CS 86 - HI\"\n               data-image-slug=\"vykres_86\"\n               class=\"ngg-fancybox\" rel=\"1140\">\n                <img\n                    title=\"CS 86 - HI\"\n                    alt=\"CS 86 - HI\"\n                    src=\"https:\/\/alventis.cz\/wp-content\/gallery\/cs-86-hi\/thumbs\/thumbs_vykres_86.jpg\"\n                    width=\"240\"\n                    height=\"160\"\n                    style=\"max-width:100%;\"\n                \/>\n            <\/a>\n        <\/div>\n\t\t\t\t\t\t\t<\/div> \n\t\t\t\n        \n\t\t\n\t\t<!-- Pagination -->\n\t<div class='ngg-clear'><\/div>\t<\/div>\n\n<\/div>\n<div style=\"width: 30%; float: right;\">\n<h3>Souvisej\u00edc\u00ed produkty:<\/h3>\n<ul>\n<li><span style=\"font-size: 16px;\"><strong><a href=\"http:\/\/alventis.cz\/index.php\/vyrobni-program\/hlinikove-vyplne-otvoru\/hlinikova-okna-a-dvere-2\/cs-77-hi-system-pro-okna-a-dvere-v-exterieru\/\">CS 77 \u2013 HI \u2013 syst\u00e9m pro okna a dve\u0159e v exteri\u00e9ru<\/a><\/strong><\/span><\/li>\n<li><span style=\"font-size: 16px;\"><strong><a href=\"http:\/\/alventis.cz\/index.php\/vyrobni-program\/hlinikove-vyplne-otvoru\/hlinikova-okna-a-dvere-2\/cs-59-pa-system-pro-interierove-pricky\/\">CS 59 Pa \u2013 syst\u00e9m pro interi\u00e9rov\u00e9 p\u0159\u00ed\u010dky<\/a><\/strong><\/span><\/li>\n<\/ul>\n<\/div>\n<\/div>\n","protected":false},"excerpt":{"rendered":"<p>efektivn\u00ed a vysoce tepeln\u011b izolovan\u00fd syst\u00e9m s hodnotou Uf a\u017e 1,2 W\/m2 K tlou\u0161\u0165ka zasklen\u00ed a\u017e 62 mm stavebn\u00ed hloubka r\u00e1mu 77 mm, okenn\u00edho k\u0159\u00eddla 86 mm minim\u00e1ln\u00ed pohledov\u00e1 \u0161\u00ed\u0159ka r\u00e1mu okna 51 mm, k\u0159\u00eddla\u00a035 mm povrchov\u00e9 \u00fapravy: lakov\u00e1n\u00ed RAL, COATEX a ELOX\u00c1\u017d Souvisej\u00edc\u00ed produkty: CS 77 \u2013 HI \u2013 syst\u00e9m pro okna a dve\u0159e [&hellip;]<\/p>\n","protected":false},"author":1,"featured_media":0,"parent":477,"menu_order":21,"comment_status":"closed","ping_status":"closed","template":"","meta":{"ngg_post_thumbnail":0},"yoast_head":"<!-- This site is optimized with the Yoast SEO plugin v16.9 - https:\/\/yoast.com\/wordpress\/plugins\/seo\/ -->\n<title>Vlastimil Mikl - Alventis, CS 86 - HI - syst\u00e9m pro okna a dve\u0159e v exteri\u00e9ru<\/title>\n<meta name=\"description\" content=\"CS 86 \u2013 HI \u2013 syst\u00e9m pro okna a dve\u0159e v exteri\u00e9ru. Efektivn\u00ed a vysoce tepeln\u011b izolovan\u00fd syst\u00e9m s hodnotou Uf a\u017e 1,2 W\/m2 K\" \/>\n<meta name=\"robots\" content=\"index, follow, max-snippet:-1, max-image-preview:large, max-video-preview:-1\" \/>\n<link rel=\"canonical\" href=\"https:\/\/alventis.cz\/index.php\/vyrobni-program\/hlinikove-vyplne-otvoru\/hlinikova-okna-a-dvere\/cs-86-hi-system-pro-okna-a-dvere-v-exterieru\/\" \/>\n<meta property=\"og:locale\" content=\"cs_CZ\" \/>\n<meta property=\"og:type\" content=\"article\" \/>\n<meta property=\"og:title\" content=\"Vlastimil Mikl - Alventis, CS 86 - HI - syst\u00e9m pro okna a dve\u0159e v exteri\u00e9ru\" \/>\n<meta property=\"og:description\" content=\"CS 86 \u2013 HI \u2013 syst\u00e9m pro okna a dve\u0159e v exteri\u00e9ru. Efektivn\u00ed a vysoce tepeln\u011b izolovan\u00fd syst\u00e9m s hodnotou Uf a\u017e 1,2 W\/m2 K\" \/>\n<meta property=\"og:url\" content=\"https:\/\/alventis.cz\/index.php\/vyrobni-program\/hlinikove-vyplne-otvoru\/hlinikova-okna-a-dvere\/cs-86-hi-system-pro-okna-a-dvere-v-exterieru\/\" \/>\n<meta property=\"og:site_name\" content=\"Alventis\" \/>\n<meta property=\"article:modified_time\" content=\"2016-07-30T16:03:00+00:00\" \/>\n<meta property=\"og:image\" content=\"http:\/\/alventis.cz\/index.php\/nextgen-attach_to_post\/preview\/id--1140\" \/>\n<meta name=\"twitter:card\" content=\"summary\" \/>\n<script type=\"application\/ld+json\" class=\"yoast-schema-graph\">{\"@context\":\"https:\/\/schema.org\",\"@graph\":[{\"@type\":\"Organization\",\"@id\":\"https:\/\/alventis.cz\/#organization\",\"name\":\"Vlastimil Mikl - Alventis\",\"url\":\"https:\/\/alventis.cz\/\",\"sameAs\":[],\"logo\":{\"@type\":\"ImageObject\",\"@id\":\"https:\/\/alventis.cz\/#logo\",\"inLanguage\":\"cs\",\"url\":\"http:\/\/alventis.cz\/wp-content\/uploads\/2016\/05\/logo_finish.png\",\"contentUrl\":\"http:\/\/alventis.cz\/wp-content\/uploads\/2016\/05\/logo_finish.png\",\"width\":250,\"height\":90,\"caption\":\"Vlastimil Mikl - Alventis\"},\"image\":{\"@id\":\"https:\/\/alventis.cz\/#logo\"}},{\"@type\":\"WebSite\",\"@id\":\"https:\/\/alventis.cz\/#website\",\"url\":\"https:\/\/alventis.cz\/\",\"name\":\"Alventis\",\"description\":\"Hlin\\u00edkov\\u00e1 okna, dve\\u0159e, ventila\\u010dn\\u00ed m\\u0159\\u00ed\\u017eky\",\"publisher\":{\"@id\":\"https:\/\/alventis.cz\/#organization\"},\"potentialAction\":[{\"@type\":\"SearchAction\",\"target\":{\"@type\":\"EntryPoint\",\"urlTemplate\":\"https:\/\/alventis.cz\/?s={search_term_string}\"},\"query-input\":\"required name=search_term_string\"}],\"inLanguage\":\"cs\"},{\"@type\":\"ImageObject\",\"@id\":\"https:\/\/alventis.cz\/index.php\/vyrobni-program\/hlinikove-vyplne-otvoru\/hlinikova-okna-a-dvere\/cs-86-hi-system-pro-okna-a-dvere-v-exterieru\/#primaryimage\",\"inLanguage\":\"cs\",\"url\":\"http:\/\/alventis.cz\/index.php\/nextgen-attach_to_post\/preview\/id--1140\",\"contentUrl\":\"http:\/\/alventis.cz\/index.php\/nextgen-attach_to_post\/preview\/id--1140\"},{\"@type\":\"WebPage\",\"@id\":\"https:\/\/alventis.cz\/index.php\/vyrobni-program\/hlinikove-vyplne-otvoru\/hlinikova-okna-a-dvere\/cs-86-hi-system-pro-okna-a-dvere-v-exterieru\/#webpage\",\"url\":\"https:\/\/alventis.cz\/index.php\/vyrobni-program\/hlinikove-vyplne-otvoru\/hlinikova-okna-a-dvere\/cs-86-hi-system-pro-okna-a-dvere-v-exterieru\/\",\"name\":\"Vlastimil Mikl - Alventis, CS 86 - HI - syst\\u00e9m pro okna a dve\\u0159e v exteri\\u00e9ru\",\"isPartOf\":{\"@id\":\"https:\/\/alventis.cz\/#website\"},\"primaryImageOfPage\":{\"@id\":\"https:\/\/alventis.cz\/index.php\/vyrobni-program\/hlinikove-vyplne-otvoru\/hlinikova-okna-a-dvere\/cs-86-hi-system-pro-okna-a-dvere-v-exterieru\/#primaryimage\"},\"datePublished\":\"2016-05-13T16:02:32+00:00\",\"dateModified\":\"2016-07-30T16:03:00+00:00\",\"description\":\"CS 86 \\u2013 HI \\u2013 syst\\u00e9m pro okna a dve\\u0159e v exteri\\u00e9ru. Efektivn\\u00ed a vysoce tepeln\\u011b izolovan\\u00fd syst\\u00e9m s hodnotou Uf a\\u017e 1,2 W\/m2 K\",\"breadcrumb\":{\"@id\":\"https:\/\/alventis.cz\/index.php\/vyrobni-program\/hlinikove-vyplne-otvoru\/hlinikova-okna-a-dvere\/cs-86-hi-system-pro-okna-a-dvere-v-exterieru\/#breadcrumb\"},\"inLanguage\":\"cs\",\"potentialAction\":[{\"@type\":\"ReadAction\",\"target\":[\"https:\/\/alventis.cz\/index.php\/vyrobni-program\/hlinikove-vyplne-otvoru\/hlinikova-okna-a-dvere\/cs-86-hi-system-pro-okna-a-dvere-v-exterieru\/\"]}]},{\"@type\":\"BreadcrumbList\",\"@id\":\"https:\/\/alventis.cz\/index.php\/vyrobni-program\/hlinikove-vyplne-otvoru\/hlinikova-okna-a-dvere\/cs-86-hi-system-pro-okna-a-dvere-v-exterieru\/#breadcrumb\",\"itemListElement\":[{\"@type\":\"ListItem\",\"position\":1,\"name\":\"Dom\\u016f\",\"item\":\"https:\/\/alventis.cz\/\"},{\"@type\":\"ListItem\",\"position\":2,\"name\":\"V\\u00fdrobn\\u00ed program\",\"item\":\"https:\/\/alventis.cz\/index.php\/vyrobni-program\/\"},{\"@type\":\"ListItem\",\"position\":3,\"name\":\"Hlin\\u00edkov\\u00e9 v\\u00fdpln\\u011b otvor\\u016f\",\"item\":\"https:\/\/alventis.cz\/index.php\/vyrobni-program\/hlinikove-vyplne-otvoru\/\"},{\"@type\":\"ListItem\",\"position\":4,\"name\":\"Hlin\\u00edkov\\u00e1 okna a dve\\u0159e\",\"item\":\"https:\/\/alventis.cz\/index.php\/vyrobni-program\/hlinikove-vyplne-otvoru\/hlinikova-okna-a-dvere\/\"},{\"@type\":\"ListItem\",\"position\":5,\"name\":\"CS 86 &#8211; HI &#8211; syst\\u00e9m pro okna a dve\\u0159e v exteri\\u00e9ru\"}]}]}<\/script>\n<!-- \/ Yoast SEO plugin. -->","yoast_head_json":{"title":"Vlastimil Mikl - Alventis, CS 86 - HI - syst\u00e9m pro okna a dve\u0159e v exteri\u00e9ru","description":"CS 86 \u2013 HI \u2013 syst\u00e9m pro okna a dve\u0159e v exteri\u00e9ru. Efektivn\u00ed a vysoce tepeln\u011b izolovan\u00fd syst\u00e9m s hodnotou Uf a\u017e 1,2 W\/m2 K","robots":{"index":"index","follow":"follow","max-snippet":"max-snippet:-1","max-image-preview":"max-image-preview:large","max-video-preview":"max-video-preview:-1"},"canonical":"https:\/\/alventis.cz\/index.php\/vyrobni-program\/hlinikove-vyplne-otvoru\/hlinikova-okna-a-dvere\/cs-86-hi-system-pro-okna-a-dvere-v-exterieru\/","og_locale":"cs_CZ","og_type":"article","og_title":"Vlastimil Mikl - Alventis, CS 86 - HI - syst\u00e9m pro okna a dve\u0159e v exteri\u00e9ru","og_description":"CS 86 \u2013 HI \u2013 syst\u00e9m pro okna a dve\u0159e v exteri\u00e9ru. Efektivn\u00ed a vysoce tepeln\u011b izolovan\u00fd syst\u00e9m s hodnotou Uf a\u017e 1,2 W\/m2 K","og_url":"https:\/\/alventis.cz\/index.php\/vyrobni-program\/hlinikove-vyplne-otvoru\/hlinikova-okna-a-dvere\/cs-86-hi-system-pro-okna-a-dvere-v-exterieru\/","og_site_name":"Alventis","article_modified_time":"2016-07-30T16:03:00+00:00","og_image":[{"url":"http:\/\/alventis.cz\/index.php\/nextgen-attach_to_post\/preview\/id--1140"}],"twitter_card":"summary","schema":{"@context":"https:\/\/schema.org","@graph":[{"@type":"Organization","@id":"https:\/\/alventis.cz\/#organization","name":"Vlastimil Mikl - Alventis","url":"https:\/\/alventis.cz\/","sameAs":[],"logo":{"@type":"ImageObject","@id":"https:\/\/alventis.cz\/#logo","inLanguage":"cs","url":"http:\/\/alventis.cz\/wp-content\/uploads\/2016\/05\/logo_finish.png","contentUrl":"http:\/\/alventis.cz\/wp-content\/uploads\/2016\/05\/logo_finish.png","width":250,"height":90,"caption":"Vlastimil Mikl - Alventis"},"image":{"@id":"https:\/\/alventis.cz\/#logo"}},{"@type":"WebSite","@id":"https:\/\/alventis.cz\/#website","url":"https:\/\/alventis.cz\/","name":"Alventis","description":"Hlin\u00edkov\u00e1 okna, dve\u0159e, ventila\u010dn\u00ed m\u0159\u00ed\u017eky","publisher":{"@id":"https:\/\/alventis.cz\/#organization"},"potentialAction":[{"@type":"SearchAction","target":{"@type":"EntryPoint","urlTemplate":"https:\/\/alventis.cz\/?s={search_term_string}"},"query-input":"required name=search_term_string"}],"inLanguage":"cs"},{"@type":"ImageObject","@id":"https:\/\/alventis.cz\/index.php\/vyrobni-program\/hlinikove-vyplne-otvoru\/hlinikova-okna-a-dvere\/cs-86-hi-system-pro-okna-a-dvere-v-exterieru\/#primaryimage","inLanguage":"cs","url":"http:\/\/alventis.cz\/index.php\/nextgen-attach_to_post\/preview\/id--1140","contentUrl":"http:\/\/alventis.cz\/index.php\/nextgen-attach_to_post\/preview\/id--1140"},{"@type":"WebPage","@id":"https:\/\/alventis.cz\/index.php\/vyrobni-program\/hlinikove-vyplne-otvoru\/hlinikova-okna-a-dvere\/cs-86-hi-system-pro-okna-a-dvere-v-exterieru\/#webpage","url":"https:\/\/alventis.cz\/index.php\/vyrobni-program\/hlinikove-vyplne-otvoru\/hlinikova-okna-a-dvere\/cs-86-hi-system-pro-okna-a-dvere-v-exterieru\/","name":"Vlastimil Mikl - Alventis, CS 86 - HI - syst\u00e9m pro okna a dve\u0159e v exteri\u00e9ru","isPartOf":{"@id":"https:\/\/alventis.cz\/#website"},"primaryImageOfPage":{"@id":"https:\/\/alventis.cz\/index.php\/vyrobni-program\/hlinikove-vyplne-otvoru\/hlinikova-okna-a-dvere\/cs-86-hi-system-pro-okna-a-dvere-v-exterieru\/#primaryimage"},"datePublished":"2016-05-13T16:02:32+00:00","dateModified":"2016-07-30T16:03:00+00:00","description":"CS 86 \u2013 HI \u2013 syst\u00e9m pro okna a dve\u0159e v exteri\u00e9ru. Efektivn\u00ed a vysoce tepeln\u011b izolovan\u00fd syst\u00e9m s hodnotou Uf a\u017e 1,2 W\/m2 K","breadcrumb":{"@id":"https:\/\/alventis.cz\/index.php\/vyrobni-program\/hlinikove-vyplne-otvoru\/hlinikova-okna-a-dvere\/cs-86-hi-system-pro-okna-a-dvere-v-exterieru\/#breadcrumb"},"inLanguage":"cs","potentialAction":[{"@type":"ReadAction","target":["https:\/\/alventis.cz\/index.php\/vyrobni-program\/hlinikove-vyplne-otvoru\/hlinikova-okna-a-dvere\/cs-86-hi-system-pro-okna-a-dvere-v-exterieru\/"]}]},{"@type":"BreadcrumbList","@id":"https:\/\/alventis.cz\/index.php\/vyrobni-program\/hlinikove-vyplne-otvoru\/hlinikova-okna-a-dvere\/cs-86-hi-system-pro-okna-a-dvere-v-exterieru\/#breadcrumb","itemListElement":[{"@type":"ListItem","position":1,"name":"Dom\u016f","item":"https:\/\/alventis.cz\/"},{"@type":"ListItem","position":2,"name":"V\u00fdrobn\u00ed program","item":"https:\/\/alventis.cz\/index.php\/vyrobni-program\/"},{"@type":"ListItem","position":3,"name":"Hlin\u00edkov\u00e9 v\u00fdpln\u011b otvor\u016f","item":"https:\/\/alventis.cz\/index.php\/vyrobni-program\/hlinikove-vyplne-otvoru\/"},{"@type":"ListItem","position":4,"name":"Hlin\u00edkov\u00e1 okna a dve\u0159e","item":"https:\/\/alventis.cz\/index.php\/vyrobni-program\/hlinikove-vyplne-otvoru\/hlinikova-okna-a-dvere\/"},{"@type":"ListItem","position":5,"name":"CS 86 &#8211; HI &#8211; syst\u00e9m pro okna a dve\u0159e v exteri\u00e9ru"}]}]}},"_links":{"self":[{"href":"https:\/\/alventis.cz\/index.php\/wp-json\/wp\/v2\/pages\/1032"}],"collection":[{"href":"https:\/\/alventis.cz\/index.php\/wp-json\/wp\/v2\/pages"}],"about":[{"href":"https:\/\/alventis.cz\/index.php\/wp-json\/wp\/v2\/types\/page"}],"author":[{"embeddable":true,"href":"https:\/\/alventis.cz\/index.php\/wp-json\/wp\/v2\/users\/1"}],"replies":[{"embeddable":true,"href":"https:\/\/alventis.cz\/index.php\/wp-json\/wp\/v2\/comments?post=1032"}],"version-history":[{"count":3,"href":"https:\/\/alventis.cz\/index.php\/wp-json\/wp\/v2\/pages\/1032\/revisions"}],"predecessor-version":[{"id":1590,"href":"https:\/\/alventis.cz\/index.php\/wp-json\/wp\/v2\/pages\/1032\/revisions\/1590"}],"up":[{"embeddable":true,"href":"https:\/\/alventis.cz\/index.php\/wp-json\/wp\/v2\/pages\/477"}],"wp:attachment":[{"href":"https:\/\/alventis.cz\/index.php\/wp-json\/wp\/v2\/media?parent=1032"}],"curies":[{"name":"wp","href":"https:\/\/api.w.org\/{rel}","templated":true}]}}