{"id":1045,"date":"2016-05-13T18:15:58","date_gmt":"2016-05-13T16:15:58","guid":{"rendered":"http:\/\/alventis.cz\/alpha\/?page_id=1045"},"modified":"2016-07-30T18:20:05","modified_gmt":"2016-07-30T16:20:05","slug":"dvere-se-skrytym-kridlem-cs-86-hi","status":"publish","type":"page","link":"https:\/\/alventis.cz\/index.php\/vyrobni-program\/hlinikove-vyplne-otvoru\/vstupni-dvere\/dvere-se-skrytym-kridlem-cs-86-hi\/","title":{"rendered":"Dve\u0159e se skryt\u00fdm k\u0159\u00eddlem (CS 86 &#8211; HI)"},"content":{"rendered":"<div style=\"width: 100%;\">\n<div style=\"width: 60%; float: left;\">\n<ul>\n<li>z vn\u011bj\u0161\u00ed strany \u010dist\u00fd jednolit\u00fd povrch<\/li>\n<li>izola\u010dn\u00ed panel o tlou\u0161\u0165ce a\u017e 69 mm<\/li>\n<li>vysok\u00e1 hodnota Uw d\u00edky panelu vypln\u011bn\u00e9ho extrudovan\u00fdm polystyrenem<\/li>\n<li>mo\u017enost osazen\u00ed a\u017e sedmibodov\u00e9ho z\u00e1mku<\/li>\n<\/ul>\n<p><!-- index.php -->\n<div\n\tclass=\"ngg-galleryoverview ngg-ajax-pagination-none\"\n\tid=\"ngg-gallery-1391-1\">\n\n    \t\t<!-- Thumbnails -->\n\t\t\t\t<div id=\"ngg-image-0\" class=\"ngg-gallery-thumbnail-box\" >\n\t\t\t\t        <div class=\"ngg-gallery-thumbnail\">\n            <a href=\"https:\/\/alventis.cz\/wp-content\/gallery\/dvere-se-skrytym-kridlem-cs-86-hi\/%C5%98ez-dve%C5%99mi-s-p%C5%99ekryvnou-v%C3%BDpln%C3%AD.jpg\"\n               title=\"\u0158ez dve\u0159mi se skryt\u00fdm k\u0159\u00eddlem\"\n               data-src=\"https:\/\/alventis.cz\/wp-content\/gallery\/dvere-se-skrytym-kridlem-cs-86-hi\/%C5%98ez-dve%C5%99mi-s-p%C5%99ekryvnou-v%C3%BDpln%C3%AD.jpg\"\n               data-thumbnail=\"https:\/\/alventis.cz\/wp-content\/gallery\/dvere-se-skrytym-kridlem-cs-86-hi\/thumbs\/thumbs_%C5%98ez-dve%C5%99mi-s-p%C5%99ekryvnou-v%C3%BDpln%C3%AD.jpg\"\n               data-image-id=\"56\"\n               data-title=\"\u0158ez dve\u0159mi se skryt\u00fdm k\u0159\u00eddlem\"\n               data-description=\"\u0158ez dve\u0159mi se skryt\u00fdm k\u0159\u00eddlem\"\n               data-image-slug=\"%c5%99ez-dve%c5%99mi-s-p%c5%99ekryvnou-v%c3%bdpln%c3%ad-1\"\n               class=\"ngg-fancybox\" rel=\"1391\">\n                <img\n                    title=\"\u0158ez dve\u0159mi se skryt\u00fdm k\u0159\u00eddlem\"\n                    alt=\"\u0158ez dve\u0159mi se skryt\u00fdm k\u0159\u00eddlem\"\n                    src=\"https:\/\/alventis.cz\/wp-content\/gallery\/dvere-se-skrytym-kridlem-cs-86-hi\/thumbs\/thumbs_%C5%98ez-dve%C5%99mi-s-p%C5%99ekryvnou-v%C3%BDpln%C3%AD.jpg\"\n                    width=\"240\"\n                    height=\"160\"\n                    style=\"max-width:100%;\"\n                \/>\n            <\/a>\n        <\/div>\n\t\t\t\t\t\t\t<\/div> \n\t\t\t\n        \n\t\t\n\t\t<!-- Pagination -->\n\t<div class='ngg-clear'><\/div>\t<\/div>\n<\/p>\n<\/div>\n<div style=\"width: 30%; float: right;\">\n<h3>Souvisej\u00edc\u00ed produkty:<\/h3>\n<ul>\n<li><span style=\"font-size: 16px;\"><strong><a href=\"http:\/\/alventis.cz\/index.php\/vyrobni-program\/hlinikove-vyplne-otvoru\/vstupni-dvere\/dvere-s-biometrickym-pristupem\/\">Dve\u0159e s biometrick\u00fdm p\u0159\u00edstupem<\/a><\/strong><\/span><\/li>\n<\/ul>\n<\/div>\n<\/div>\n","protected":false},"excerpt":{"rendered":"<p>z vn\u011bj\u0161\u00ed strany \u010dist\u00fd jednolit\u00fd povrch izola\u010dn\u00ed panel o tlou\u0161\u0165ce a\u017e 69 mm vysok\u00e1 hodnota Uw d\u00edky panelu vypln\u011bn\u00e9ho extrudovan\u00fdm polystyrenem mo\u017enost osazen\u00ed a\u017e sedmibodov\u00e9ho z\u00e1mku Souvisej\u00edc\u00ed produkty: Dve\u0159e s biometrick\u00fdm p\u0159\u00edstupem<\/p>\n","protected":false},"author":1,"featured_media":0,"parent":433,"menu_order":8,"comment_status":"closed","ping_status":"closed","template":"","meta":{"ngg_post_thumbnail":0},"yoast_head":"<!-- This site is optimized with the Yoast SEO plugin v16.9 - https:\/\/yoast.com\/wordpress\/plugins\/seo\/ -->\n<title>Vlastimil Mikl - Alventis, dve\u0159e se skryt\u00fdm k\u0159\u00eddlem (CS 86 \u2013 HI)<\/title>\n<meta name=\"description\" content=\"Dve\u0159e se skryt\u00fdm k\u0159\u00eddlem (CS 86 \u2013 HI). Z vn\u011bj\u0161\u00ed strany \u010dist\u00fd jednolit\u00fd povrch, izola\u010dn\u00ed panel o tlou\u0161\u0165ce a\u017e 69 mm, vysok\u00e1 hodnota Uw d\u00edky panelu ...\" \/>\n<meta name=\"robots\" content=\"index, follow, max-snippet:-1, max-image-preview:large, max-video-preview:-1\" \/>\n<link rel=\"canonical\" href=\"https:\/\/alventis.cz\/index.php\/vyrobni-program\/hlinikove-vyplne-otvoru\/vstupni-dvere\/dvere-se-skrytym-kridlem-cs-86-hi\/\" \/>\n<meta property=\"og:locale\" content=\"cs_CZ\" \/>\n<meta property=\"og:type\" content=\"article\" \/>\n<meta property=\"og:title\" content=\"Vlastimil Mikl - Alventis, dve\u0159e se skryt\u00fdm k\u0159\u00eddlem (CS 86 \u2013 HI)\" \/>\n<meta property=\"og:description\" content=\"Dve\u0159e se skryt\u00fdm k\u0159\u00eddlem (CS 86 \u2013 HI). Z vn\u011bj\u0161\u00ed strany \u010dist\u00fd jednolit\u00fd povrch, izola\u010dn\u00ed panel o tlou\u0161\u0165ce a\u017e 69 mm, vysok\u00e1 hodnota Uw d\u00edky panelu ...\" \/>\n<meta property=\"og:url\" content=\"https:\/\/alventis.cz\/index.php\/vyrobni-program\/hlinikove-vyplne-otvoru\/vstupni-dvere\/dvere-se-skrytym-kridlem-cs-86-hi\/\" \/>\n<meta property=\"og:site_name\" content=\"Alventis\" \/>\n<meta property=\"article:modified_time\" content=\"2016-07-30T16:20:05+00:00\" \/>\n<meta property=\"og:image\" content=\"http:\/\/alventis.cz\/index.php\/nextgen-attach_to_post\/preview\/id--1391\" \/>\n<meta name=\"twitter:card\" content=\"summary\" \/>\n<script type=\"application\/ld+json\" class=\"yoast-schema-graph\">{\"@context\":\"https:\/\/schema.org\",\"@graph\":[{\"@type\":\"Organization\",\"@id\":\"https:\/\/alventis.cz\/#organization\",\"name\":\"Vlastimil Mikl - Alventis\",\"url\":\"https:\/\/alventis.cz\/\",\"sameAs\":[],\"logo\":{\"@type\":\"ImageObject\",\"@id\":\"https:\/\/alventis.cz\/#logo\",\"inLanguage\":\"cs\",\"url\":\"http:\/\/alventis.cz\/wp-content\/uploads\/2016\/05\/logo_finish.png\",\"contentUrl\":\"http:\/\/alventis.cz\/wp-content\/uploads\/2016\/05\/logo_finish.png\",\"width\":250,\"height\":90,\"caption\":\"Vlastimil Mikl - Alventis\"},\"image\":{\"@id\":\"https:\/\/alventis.cz\/#logo\"}},{\"@type\":\"WebSite\",\"@id\":\"https:\/\/alventis.cz\/#website\",\"url\":\"https:\/\/alventis.cz\/\",\"name\":\"Alventis\",\"description\":\"Hlin\\u00edkov\\u00e1 okna, dve\\u0159e, ventila\\u010dn\\u00ed m\\u0159\\u00ed\\u017eky\",\"publisher\":{\"@id\":\"https:\/\/alventis.cz\/#organization\"},\"potentialAction\":[{\"@type\":\"SearchAction\",\"target\":{\"@type\":\"EntryPoint\",\"urlTemplate\":\"https:\/\/alventis.cz\/?s={search_term_string}\"},\"query-input\":\"required name=search_term_string\"}],\"inLanguage\":\"cs\"},{\"@type\":\"ImageObject\",\"@id\":\"https:\/\/alventis.cz\/index.php\/vyrobni-program\/hlinikove-vyplne-otvoru\/vstupni-dvere\/dvere-se-skrytym-kridlem-cs-86-hi\/#primaryimage\",\"inLanguage\":\"cs\",\"url\":\"http:\/\/alventis.cz\/index.php\/nextgen-attach_to_post\/preview\/id--1391\",\"contentUrl\":\"http:\/\/alventis.cz\/index.php\/nextgen-attach_to_post\/preview\/id--1391\"},{\"@type\":\"WebPage\",\"@id\":\"https:\/\/alventis.cz\/index.php\/vyrobni-program\/hlinikove-vyplne-otvoru\/vstupni-dvere\/dvere-se-skrytym-kridlem-cs-86-hi\/#webpage\",\"url\":\"https:\/\/alventis.cz\/index.php\/vyrobni-program\/hlinikove-vyplne-otvoru\/vstupni-dvere\/dvere-se-skrytym-kridlem-cs-86-hi\/\",\"name\":\"Vlastimil Mikl - Alventis, dve\\u0159e se skryt\\u00fdm k\\u0159\\u00eddlem (CS 86 \\u2013 HI)\",\"isPartOf\":{\"@id\":\"https:\/\/alventis.cz\/#website\"},\"primaryImageOfPage\":{\"@id\":\"https:\/\/alventis.cz\/index.php\/vyrobni-program\/hlinikove-vyplne-otvoru\/vstupni-dvere\/dvere-se-skrytym-kridlem-cs-86-hi\/#primaryimage\"},\"datePublished\":\"2016-05-13T16:15:58+00:00\",\"dateModified\":\"2016-07-30T16:20:05+00:00\",\"description\":\"Dve\\u0159e se skryt\\u00fdm k\\u0159\\u00eddlem (CS 86 \\u2013 HI). Z vn\\u011bj\\u0161\\u00ed strany \\u010dist\\u00fd jednolit\\u00fd povrch, izola\\u010dn\\u00ed panel o tlou\\u0161\\u0165ce a\\u017e 69 mm, vysok\\u00e1 hodnota Uw d\\u00edky panelu ...\",\"breadcrumb\":{\"@id\":\"https:\/\/alventis.cz\/index.php\/vyrobni-program\/hlinikove-vyplne-otvoru\/vstupni-dvere\/dvere-se-skrytym-kridlem-cs-86-hi\/#breadcrumb\"},\"inLanguage\":\"cs\",\"potentialAction\":[{\"@type\":\"ReadAction\",\"target\":[\"https:\/\/alventis.cz\/index.php\/vyrobni-program\/hlinikove-vyplne-otvoru\/vstupni-dvere\/dvere-se-skrytym-kridlem-cs-86-hi\/\"]}]},{\"@type\":\"BreadcrumbList\",\"@id\":\"https:\/\/alventis.cz\/index.php\/vyrobni-program\/hlinikove-vyplne-otvoru\/vstupni-dvere\/dvere-se-skrytym-kridlem-cs-86-hi\/#breadcrumb\",\"itemListElement\":[{\"@type\":\"ListItem\",\"position\":1,\"name\":\"Dom\\u016f\",\"item\":\"https:\/\/alventis.cz\/\"},{\"@type\":\"ListItem\",\"position\":2,\"name\":\"V\\u00fdrobn\\u00ed program\",\"item\":\"https:\/\/alventis.cz\/index.php\/vyrobni-program\/\"},{\"@type\":\"ListItem\",\"position\":3,\"name\":\"Hlin\\u00edkov\\u00e9 v\\u00fdpln\\u011b otvor\\u016f\",\"item\":\"https:\/\/alventis.cz\/index.php\/vyrobni-program\/hlinikove-vyplne-otvoru\/\"},{\"@type\":\"ListItem\",\"position\":4,\"name\":\"Vstupn\\u00ed dve\\u0159e\",\"item\":\"https:\/\/alventis.cz\/index.php\/vyrobni-program\/hlinikove-vyplne-otvoru\/vstupni-dvere\/\"},{\"@type\":\"ListItem\",\"position\":5,\"name\":\"Dve\\u0159e se skryt\\u00fdm k\\u0159\\u00eddlem (CS 86 &#8211; HI)\"}]}]}<\/script>\n<!-- \/ Yoast SEO plugin. -->","yoast_head_json":{"title":"Vlastimil Mikl - Alventis, dve\u0159e se skryt\u00fdm k\u0159\u00eddlem (CS 86 \u2013 HI)","description":"Dve\u0159e se skryt\u00fdm k\u0159\u00eddlem (CS 86 \u2013 HI). Z vn\u011bj\u0161\u00ed strany \u010dist\u00fd jednolit\u00fd povrch, izola\u010dn\u00ed panel o tlou\u0161\u0165ce a\u017e 69 mm, vysok\u00e1 hodnota Uw d\u00edky panelu ...","robots":{"index":"index","follow":"follow","max-snippet":"max-snippet:-1","max-image-preview":"max-image-preview:large","max-video-preview":"max-video-preview:-1"},"canonical":"https:\/\/alventis.cz\/index.php\/vyrobni-program\/hlinikove-vyplne-otvoru\/vstupni-dvere\/dvere-se-skrytym-kridlem-cs-86-hi\/","og_locale":"cs_CZ","og_type":"article","og_title":"Vlastimil Mikl - Alventis, dve\u0159e se skryt\u00fdm k\u0159\u00eddlem (CS 86 \u2013 HI)","og_description":"Dve\u0159e se skryt\u00fdm k\u0159\u00eddlem (CS 86 \u2013 HI). Z vn\u011bj\u0161\u00ed strany \u010dist\u00fd jednolit\u00fd povrch, izola\u010dn\u00ed panel o tlou\u0161\u0165ce a\u017e 69 mm, vysok\u00e1 hodnota Uw d\u00edky panelu ...","og_url":"https:\/\/alventis.cz\/index.php\/vyrobni-program\/hlinikove-vyplne-otvoru\/vstupni-dvere\/dvere-se-skrytym-kridlem-cs-86-hi\/","og_site_name":"Alventis","article_modified_time":"2016-07-30T16:20:05+00:00","og_image":[{"url":"http:\/\/alventis.cz\/index.php\/nextgen-attach_to_post\/preview\/id--1391"}],"twitter_card":"summary","schema":{"@context":"https:\/\/schema.org","@graph":[{"@type":"Organization","@id":"https:\/\/alventis.cz\/#organization","name":"Vlastimil Mikl - Alventis","url":"https:\/\/alventis.cz\/","sameAs":[],"logo":{"@type":"ImageObject","@id":"https:\/\/alventis.cz\/#logo","inLanguage":"cs","url":"http:\/\/alventis.cz\/wp-content\/uploads\/2016\/05\/logo_finish.png","contentUrl":"http:\/\/alventis.cz\/wp-content\/uploads\/2016\/05\/logo_finish.png","width":250,"height":90,"caption":"Vlastimil Mikl - Alventis"},"image":{"@id":"https:\/\/alventis.cz\/#logo"}},{"@type":"WebSite","@id":"https:\/\/alventis.cz\/#website","url":"https:\/\/alventis.cz\/","name":"Alventis","description":"Hlin\u00edkov\u00e1 okna, dve\u0159e, ventila\u010dn\u00ed m\u0159\u00ed\u017eky","publisher":{"@id":"https:\/\/alventis.cz\/#organization"},"potentialAction":[{"@type":"SearchAction","target":{"@type":"EntryPoint","urlTemplate":"https:\/\/alventis.cz\/?s={search_term_string}"},"query-input":"required name=search_term_string"}],"inLanguage":"cs"},{"@type":"ImageObject","@id":"https:\/\/alventis.cz\/index.php\/vyrobni-program\/hlinikove-vyplne-otvoru\/vstupni-dvere\/dvere-se-skrytym-kridlem-cs-86-hi\/#primaryimage","inLanguage":"cs","url":"http:\/\/alventis.cz\/index.php\/nextgen-attach_to_post\/preview\/id--1391","contentUrl":"http:\/\/alventis.cz\/index.php\/nextgen-attach_to_post\/preview\/id--1391"},{"@type":"WebPage","@id":"https:\/\/alventis.cz\/index.php\/vyrobni-program\/hlinikove-vyplne-otvoru\/vstupni-dvere\/dvere-se-skrytym-kridlem-cs-86-hi\/#webpage","url":"https:\/\/alventis.cz\/index.php\/vyrobni-program\/hlinikove-vyplne-otvoru\/vstupni-dvere\/dvere-se-skrytym-kridlem-cs-86-hi\/","name":"Vlastimil Mikl - Alventis, dve\u0159e se skryt\u00fdm k\u0159\u00eddlem (CS 86 \u2013 HI)","isPartOf":{"@id":"https:\/\/alventis.cz\/#website"},"primaryImageOfPage":{"@id":"https:\/\/alventis.cz\/index.php\/vyrobni-program\/hlinikove-vyplne-otvoru\/vstupni-dvere\/dvere-se-skrytym-kridlem-cs-86-hi\/#primaryimage"},"datePublished":"2016-05-13T16:15:58+00:00","dateModified":"2016-07-30T16:20:05+00:00","description":"Dve\u0159e se skryt\u00fdm k\u0159\u00eddlem (CS 86 \u2013 HI). Z vn\u011bj\u0161\u00ed strany \u010dist\u00fd jednolit\u00fd povrch, izola\u010dn\u00ed panel o tlou\u0161\u0165ce a\u017e 69 mm, vysok\u00e1 hodnota Uw d\u00edky panelu ...","breadcrumb":{"@id":"https:\/\/alventis.cz\/index.php\/vyrobni-program\/hlinikove-vyplne-otvoru\/vstupni-dvere\/dvere-se-skrytym-kridlem-cs-86-hi\/#breadcrumb"},"inLanguage":"cs","potentialAction":[{"@type":"ReadAction","target":["https:\/\/alventis.cz\/index.php\/vyrobni-program\/hlinikove-vyplne-otvoru\/vstupni-dvere\/dvere-se-skrytym-kridlem-cs-86-hi\/"]}]},{"@type":"BreadcrumbList","@id":"https:\/\/alventis.cz\/index.php\/vyrobni-program\/hlinikove-vyplne-otvoru\/vstupni-dvere\/dvere-se-skrytym-kridlem-cs-86-hi\/#breadcrumb","itemListElement":[{"@type":"ListItem","position":1,"name":"Dom\u016f","item":"https:\/\/alventis.cz\/"},{"@type":"ListItem","position":2,"name":"V\u00fdrobn\u00ed program","item":"https:\/\/alventis.cz\/index.php\/vyrobni-program\/"},{"@type":"ListItem","position":3,"name":"Hlin\u00edkov\u00e9 v\u00fdpln\u011b otvor\u016f","item":"https:\/\/alventis.cz\/index.php\/vyrobni-program\/hlinikove-vyplne-otvoru\/"},{"@type":"ListItem","position":4,"name":"Vstupn\u00ed dve\u0159e","item":"https:\/\/alventis.cz\/index.php\/vyrobni-program\/hlinikove-vyplne-otvoru\/vstupni-dvere\/"},{"@type":"ListItem","position":5,"name":"Dve\u0159e se skryt\u00fdm k\u0159\u00eddlem (CS 86 &#8211; HI)"}]}]}},"_links":{"self":[{"href":"https:\/\/alventis.cz\/index.php\/wp-json\/wp\/v2\/pages\/1045"}],"collection":[{"href":"https:\/\/alventis.cz\/index.php\/wp-json\/wp\/v2\/pages"}],"about":[{"href":"https:\/\/alventis.cz\/index.php\/wp-json\/wp\/v2\/types\/page"}],"author":[{"embeddable":true,"href":"https:\/\/alventis.cz\/index.php\/wp-json\/wp\/v2\/users\/1"}],"replies":[{"embeddable":true,"href":"https:\/\/alventis.cz\/index.php\/wp-json\/wp\/v2\/comments?post=1045"}],"version-history":[{"count":3,"href":"https:\/\/alventis.cz\/index.php\/wp-json\/wp\/v2\/pages\/1045\/revisions"}],"predecessor-version":[{"id":1654,"href":"https:\/\/alventis.cz\/index.php\/wp-json\/wp\/v2\/pages\/1045\/revisions\/1654"}],"up":[{"embeddable":true,"href":"https:\/\/alventis.cz\/index.php\/wp-json\/wp\/v2\/pages\/433"}],"wp:attachment":[{"href":"https:\/\/alventis.cz\/index.php\/wp-json\/wp\/v2\/media?parent=1045"}],"curies":[{"name":"wp","href":"https:\/\/api.w.org\/{rel}","templated":true}]}}