{"id":1048,"date":"2016-05-13T18:18:06","date_gmt":"2016-05-13T16:18:06","guid":{"rendered":"http:\/\/alventis.cz\/alpha\/?page_id=1048"},"modified":"2016-07-30T18:17:38","modified_gmt":"2016-07-30T16:17:38","slug":"dvere-s-biometrickym-pristupem","status":"publish","type":"page","link":"https:\/\/alventis.cz\/index.php\/vyrobni-program\/hlinikove-vyplne-otvoru\/vstupni-dvere\/dvere-s-biometrickym-pristupem\/","title":{"rendered":"Dve\u0159e s biometrick\u00fdm p\u0159\u00edstupem"},"content":{"rendered":"<div style=\"width: 100%;\">\n<div style=\"width: 60%; float: left;\">\n<ul>\n<li>syst\u00e9m CS 86 &#8211; HI s elektromotorick\u00fdm z\u00e1mkem<\/li>\n<li>u\u017e nikdy nebudete zamykat kl\u00ed\u010dem<\/li>\n<li>zevnit\u0159 odemyk\u00e1te a otev\u00edr\u00e1te pouh\u00fdm stisknut\u00edm kliky<\/li>\n<li>z\u00e1mek m\u016f\u017ee b\u00fdt ovl\u00e1d\u00e1n \u010dte\u010dkou otisku prst\u016f,\u00a0 kartou, \u010dipem nebo kl\u00e1vesnic\u00ed s pomoc\u00ed k\u00f3du<\/li>\n<\/ul>\n<\/div>\n<div style=\"width: 30%; float: right;\">\n<h3>Souvisej\u00edc\u00ed produkty:<\/h3>\n<ul>\n<li><span style=\"font-size: 16px;\"><strong><a href=\"http:\/\/alventis.cz\/index.php\/vyrobni-program\/hlinikove-vyplne-otvoru\/vstupni-dvere\/dvere-se-skrytym-kridlem-cs-86-hi\/\">Dve\u0159e se skryt\u00fdm k\u0159\u00eddlem (CS 86 \u2013 HI)<\/a><\/strong><\/span><\/li>\n<\/ul>\n<\/div>\n<\/div>\n","protected":false},"excerpt":{"rendered":"<p>syst\u00e9m CS 86 &#8211; HI s elektromotorick\u00fdm z\u00e1mkem u\u017e nikdy nebudete zamykat kl\u00ed\u010dem zevnit\u0159 odemyk\u00e1te a otev\u00edr\u00e1te pouh\u00fdm stisknut\u00edm kliky z\u00e1mek m\u016f\u017ee b\u00fdt ovl\u00e1d\u00e1n \u010dte\u010dkou otisku prst\u016f,\u00a0 kartou, \u010dipem nebo kl\u00e1vesnic\u00ed s pomoc\u00ed k\u00f3du Souvisej\u00edc\u00ed produkty: Dve\u0159e se skryt\u00fdm k\u0159\u00eddlem (CS 86 \u2013 HI)<\/p>\n","protected":false},"author":1,"featured_media":0,"parent":433,"menu_order":7,"comment_status":"closed","ping_status":"closed","template":"","meta":{"ngg_post_thumbnail":0},"yoast_head":"<!-- This site is optimized with the Yoast SEO plugin v16.9 - https:\/\/yoast.com\/wordpress\/plugins\/seo\/ -->\n<title>Vlastimil Mikl - Alventis, dve\u0159e s biometrick\u00fdm p\u0159\u00edstupem<\/title>\n<meta name=\"description\" content=\"Dve\u0159e s biometrick\u00fdm p\u0159\u00edstupem. Syst\u00e9m CS 86 \u2013 HI s elektromotorick\u00fdm z\u00e1mkem, u\u017e nikdy nebudete zamykat kl\u00ed\u010dem, zevnit\u0159 odemyk\u00e1te a otev\u00edr\u00e1te pouh\u00fdm ...\" \/>\n<meta name=\"robots\" content=\"index, follow, max-snippet:-1, max-image-preview:large, max-video-preview:-1\" \/>\n<link rel=\"canonical\" href=\"https:\/\/alventis.cz\/index.php\/vyrobni-program\/hlinikove-vyplne-otvoru\/vstupni-dvere\/dvere-s-biometrickym-pristupem\/\" \/>\n<meta property=\"og:locale\" content=\"cs_CZ\" \/>\n<meta property=\"og:type\" content=\"article\" \/>\n<meta property=\"og:title\" content=\"Vlastimil Mikl - Alventis, dve\u0159e s biometrick\u00fdm p\u0159\u00edstupem\" \/>\n<meta property=\"og:description\" content=\"Dve\u0159e s biometrick\u00fdm p\u0159\u00edstupem. Syst\u00e9m CS 86 \u2013 HI s elektromotorick\u00fdm z\u00e1mkem, u\u017e nikdy nebudete zamykat kl\u00ed\u010dem, zevnit\u0159 odemyk\u00e1te a otev\u00edr\u00e1te pouh\u00fdm ...\" \/>\n<meta property=\"og:url\" content=\"https:\/\/alventis.cz\/index.php\/vyrobni-program\/hlinikove-vyplne-otvoru\/vstupni-dvere\/dvere-s-biometrickym-pristupem\/\" \/>\n<meta property=\"og:site_name\" content=\"Alventis\" \/>\n<meta property=\"article:modified_time\" content=\"2016-07-30T16:17:38+00:00\" \/>\n<meta name=\"twitter:card\" content=\"summary\" \/>\n<script type=\"application\/ld+json\" class=\"yoast-schema-graph\">{\"@context\":\"https:\/\/schema.org\",\"@graph\":[{\"@type\":\"Organization\",\"@id\":\"https:\/\/alventis.cz\/#organization\",\"name\":\"Vlastimil Mikl - Alventis\",\"url\":\"https:\/\/alventis.cz\/\",\"sameAs\":[],\"logo\":{\"@type\":\"ImageObject\",\"@id\":\"https:\/\/alventis.cz\/#logo\",\"inLanguage\":\"cs\",\"url\":\"http:\/\/alventis.cz\/wp-content\/uploads\/2016\/05\/logo_finish.png\",\"contentUrl\":\"http:\/\/alventis.cz\/wp-content\/uploads\/2016\/05\/logo_finish.png\",\"width\":250,\"height\":90,\"caption\":\"Vlastimil Mikl - Alventis\"},\"image\":{\"@id\":\"https:\/\/alventis.cz\/#logo\"}},{\"@type\":\"WebSite\",\"@id\":\"https:\/\/alventis.cz\/#website\",\"url\":\"https:\/\/alventis.cz\/\",\"name\":\"Alventis\",\"description\":\"Hlin\\u00edkov\\u00e1 okna, dve\\u0159e, ventila\\u010dn\\u00ed m\\u0159\\u00ed\\u017eky\",\"publisher\":{\"@id\":\"https:\/\/alventis.cz\/#organization\"},\"potentialAction\":[{\"@type\":\"SearchAction\",\"target\":{\"@type\":\"EntryPoint\",\"urlTemplate\":\"https:\/\/alventis.cz\/?s={search_term_string}\"},\"query-input\":\"required name=search_term_string\"}],\"inLanguage\":\"cs\"},{\"@type\":\"WebPage\",\"@id\":\"https:\/\/alventis.cz\/index.php\/vyrobni-program\/hlinikove-vyplne-otvoru\/vstupni-dvere\/dvere-s-biometrickym-pristupem\/#webpage\",\"url\":\"https:\/\/alventis.cz\/index.php\/vyrobni-program\/hlinikove-vyplne-otvoru\/vstupni-dvere\/dvere-s-biometrickym-pristupem\/\",\"name\":\"Vlastimil Mikl - Alventis, dve\\u0159e s biometrick\\u00fdm p\\u0159\\u00edstupem\",\"isPartOf\":{\"@id\":\"https:\/\/alventis.cz\/#website\"},\"datePublished\":\"2016-05-13T16:18:06+00:00\",\"dateModified\":\"2016-07-30T16:17:38+00:00\",\"description\":\"Dve\\u0159e s biometrick\\u00fdm p\\u0159\\u00edstupem. Syst\\u00e9m CS 86 \\u2013 HI s elektromotorick\\u00fdm z\\u00e1mkem, u\\u017e nikdy nebudete zamykat kl\\u00ed\\u010dem, zevnit\\u0159 odemyk\\u00e1te a otev\\u00edr\\u00e1te pouh\\u00fdm ...\",\"breadcrumb\":{\"@id\":\"https:\/\/alventis.cz\/index.php\/vyrobni-program\/hlinikove-vyplne-otvoru\/vstupni-dvere\/dvere-s-biometrickym-pristupem\/#breadcrumb\"},\"inLanguage\":\"cs\",\"potentialAction\":[{\"@type\":\"ReadAction\",\"target\":[\"https:\/\/alventis.cz\/index.php\/vyrobni-program\/hlinikove-vyplne-otvoru\/vstupni-dvere\/dvere-s-biometrickym-pristupem\/\"]}]},{\"@type\":\"BreadcrumbList\",\"@id\":\"https:\/\/alventis.cz\/index.php\/vyrobni-program\/hlinikove-vyplne-otvoru\/vstupni-dvere\/dvere-s-biometrickym-pristupem\/#breadcrumb\",\"itemListElement\":[{\"@type\":\"ListItem\",\"position\":1,\"name\":\"Dom\\u016f\",\"item\":\"https:\/\/alventis.cz\/\"},{\"@type\":\"ListItem\",\"position\":2,\"name\":\"V\\u00fdrobn\\u00ed program\",\"item\":\"https:\/\/alventis.cz\/index.php\/vyrobni-program\/\"},{\"@type\":\"ListItem\",\"position\":3,\"name\":\"Hlin\\u00edkov\\u00e9 v\\u00fdpln\\u011b otvor\\u016f\",\"item\":\"https:\/\/alventis.cz\/index.php\/vyrobni-program\/hlinikove-vyplne-otvoru\/\"},{\"@type\":\"ListItem\",\"position\":4,\"name\":\"Vstupn\\u00ed dve\\u0159e\",\"item\":\"https:\/\/alventis.cz\/index.php\/vyrobni-program\/hlinikove-vyplne-otvoru\/vstupni-dvere\/\"},{\"@type\":\"ListItem\",\"position\":5,\"name\":\"Dve\\u0159e s biometrick\\u00fdm p\\u0159\\u00edstupem\"}]}]}<\/script>\n<!-- \/ Yoast SEO plugin. -->","yoast_head_json":{"title":"Vlastimil Mikl - Alventis, dve\u0159e s biometrick\u00fdm p\u0159\u00edstupem","description":"Dve\u0159e s biometrick\u00fdm p\u0159\u00edstupem. Syst\u00e9m CS 86 \u2013 HI s elektromotorick\u00fdm z\u00e1mkem, u\u017e nikdy nebudete zamykat kl\u00ed\u010dem, zevnit\u0159 odemyk\u00e1te a otev\u00edr\u00e1te pouh\u00fdm ...","robots":{"index":"index","follow":"follow","max-snippet":"max-snippet:-1","max-image-preview":"max-image-preview:large","max-video-preview":"max-video-preview:-1"},"canonical":"https:\/\/alventis.cz\/index.php\/vyrobni-program\/hlinikove-vyplne-otvoru\/vstupni-dvere\/dvere-s-biometrickym-pristupem\/","og_locale":"cs_CZ","og_type":"article","og_title":"Vlastimil Mikl - Alventis, dve\u0159e s biometrick\u00fdm p\u0159\u00edstupem","og_description":"Dve\u0159e s biometrick\u00fdm p\u0159\u00edstupem. Syst\u00e9m CS 86 \u2013 HI s elektromotorick\u00fdm z\u00e1mkem, u\u017e nikdy nebudete zamykat kl\u00ed\u010dem, zevnit\u0159 odemyk\u00e1te a otev\u00edr\u00e1te pouh\u00fdm ...","og_url":"https:\/\/alventis.cz\/index.php\/vyrobni-program\/hlinikove-vyplne-otvoru\/vstupni-dvere\/dvere-s-biometrickym-pristupem\/","og_site_name":"Alventis","article_modified_time":"2016-07-30T16:17:38+00:00","twitter_card":"summary","schema":{"@context":"https:\/\/schema.org","@graph":[{"@type":"Organization","@id":"https:\/\/alventis.cz\/#organization","name":"Vlastimil Mikl - Alventis","url":"https:\/\/alventis.cz\/","sameAs":[],"logo":{"@type":"ImageObject","@id":"https:\/\/alventis.cz\/#logo","inLanguage":"cs","url":"http:\/\/alventis.cz\/wp-content\/uploads\/2016\/05\/logo_finish.png","contentUrl":"http:\/\/alventis.cz\/wp-content\/uploads\/2016\/05\/logo_finish.png","width":250,"height":90,"caption":"Vlastimil Mikl - Alventis"},"image":{"@id":"https:\/\/alventis.cz\/#logo"}},{"@type":"WebSite","@id":"https:\/\/alventis.cz\/#website","url":"https:\/\/alventis.cz\/","name":"Alventis","description":"Hlin\u00edkov\u00e1 okna, dve\u0159e, ventila\u010dn\u00ed m\u0159\u00ed\u017eky","publisher":{"@id":"https:\/\/alventis.cz\/#organization"},"potentialAction":[{"@type":"SearchAction","target":{"@type":"EntryPoint","urlTemplate":"https:\/\/alventis.cz\/?s={search_term_string}"},"query-input":"required name=search_term_string"}],"inLanguage":"cs"},{"@type":"WebPage","@id":"https:\/\/alventis.cz\/index.php\/vyrobni-program\/hlinikove-vyplne-otvoru\/vstupni-dvere\/dvere-s-biometrickym-pristupem\/#webpage","url":"https:\/\/alventis.cz\/index.php\/vyrobni-program\/hlinikove-vyplne-otvoru\/vstupni-dvere\/dvere-s-biometrickym-pristupem\/","name":"Vlastimil Mikl - Alventis, dve\u0159e s biometrick\u00fdm p\u0159\u00edstupem","isPartOf":{"@id":"https:\/\/alventis.cz\/#website"},"datePublished":"2016-05-13T16:18:06+00:00","dateModified":"2016-07-30T16:17:38+00:00","description":"Dve\u0159e s biometrick\u00fdm p\u0159\u00edstupem. Syst\u00e9m CS 86 \u2013 HI s elektromotorick\u00fdm z\u00e1mkem, u\u017e nikdy nebudete zamykat kl\u00ed\u010dem, zevnit\u0159 odemyk\u00e1te a otev\u00edr\u00e1te pouh\u00fdm ...","breadcrumb":{"@id":"https:\/\/alventis.cz\/index.php\/vyrobni-program\/hlinikove-vyplne-otvoru\/vstupni-dvere\/dvere-s-biometrickym-pristupem\/#breadcrumb"},"inLanguage":"cs","potentialAction":[{"@type":"ReadAction","target":["https:\/\/alventis.cz\/index.php\/vyrobni-program\/hlinikove-vyplne-otvoru\/vstupni-dvere\/dvere-s-biometrickym-pristupem\/"]}]},{"@type":"BreadcrumbList","@id":"https:\/\/alventis.cz\/index.php\/vyrobni-program\/hlinikove-vyplne-otvoru\/vstupni-dvere\/dvere-s-biometrickym-pristupem\/#breadcrumb","itemListElement":[{"@type":"ListItem","position":1,"name":"Dom\u016f","item":"https:\/\/alventis.cz\/"},{"@type":"ListItem","position":2,"name":"V\u00fdrobn\u00ed program","item":"https:\/\/alventis.cz\/index.php\/vyrobni-program\/"},{"@type":"ListItem","position":3,"name":"Hlin\u00edkov\u00e9 v\u00fdpln\u011b otvor\u016f","item":"https:\/\/alventis.cz\/index.php\/vyrobni-program\/hlinikove-vyplne-otvoru\/"},{"@type":"ListItem","position":4,"name":"Vstupn\u00ed dve\u0159e","item":"https:\/\/alventis.cz\/index.php\/vyrobni-program\/hlinikove-vyplne-otvoru\/vstupni-dvere\/"},{"@type":"ListItem","position":5,"name":"Dve\u0159e s biometrick\u00fdm p\u0159\u00edstupem"}]}]}},"_links":{"self":[{"href":"https:\/\/alventis.cz\/index.php\/wp-json\/wp\/v2\/pages\/1048"}],"collection":[{"href":"https:\/\/alventis.cz\/index.php\/wp-json\/wp\/v2\/pages"}],"about":[{"href":"https:\/\/alventis.cz\/index.php\/wp-json\/wp\/v2\/types\/page"}],"author":[{"embeddable":true,"href":"https:\/\/alventis.cz\/index.php\/wp-json\/wp\/v2\/users\/1"}],"replies":[{"embeddable":true,"href":"https:\/\/alventis.cz\/index.php\/wp-json\/wp\/v2\/comments?post=1048"}],"version-history":[{"count":3,"href":"https:\/\/alventis.cz\/index.php\/wp-json\/wp\/v2\/pages\/1048\/revisions"}],"predecessor-version":[{"id":1653,"href":"https:\/\/alventis.cz\/index.php\/wp-json\/wp\/v2\/pages\/1048\/revisions\/1653"}],"up":[{"embeddable":true,"href":"https:\/\/alventis.cz\/index.php\/wp-json\/wp\/v2\/pages\/433"}],"wp:attachment":[{"href":"https:\/\/alventis.cz\/index.php\/wp-json\/wp\/v2\/media?parent=1048"}],"curies":[{"name":"wp","href":"https:\/\/api.w.org\/{rel}","templated":true}]}}