{"id":433,"date":"2016-03-15T21:27:38","date_gmt":"2016-03-15T20:27:38","guid":{"rendered":"http:\/\/alventis.cz\/alpha\/?page_id=433"},"modified":"2016-07-30T18:05:14","modified_gmt":"2016-07-30T16:05:14","slug":"vstupni-dvere","status":"publish","type":"page","link":"https:\/\/alventis.cz\/index.php\/vyrobni-program\/hlinikove-vyplne-otvoru\/vstupni-dvere\/","title":{"rendered":"Vstupn\u00ed dve\u0159e"},"content":{"rendered":"<p style=\"text-align: justify;\">V\u00fdrazn\u00fdm architektonick\u00fdm prvkem se mohou st\u00e1t vstupn\u00ed dve\u0159e a port\u00e1ly. D\u00edky vysok\u00e9 pevnosti hlin\u00edkov\u00fdch profil\u016f v kombinaci s kvalitn\u00edm atestovan\u00fdm bezpe\u010dnostn\u00edm z\u00e1mkem a bezpe\u010dnostn\u00edm sklem je zaji\u0161t\u011bna vysok\u00e1 odolnost proti vloup\u00e1n\u00ed. Zaj\u00edmav\u00fdm \u0159e\u0161en\u00edm je pou\u017eit\u00ed elektromotorick\u00e9ho z\u00e1mku, ovl\u00e1dan\u00e9ho \u010dte\u010dkou otisku prstu. Obl\u00edben\u00e9 proveden\u00ed vstupn\u00edch dve\u0159\u00ed je s takzvan\u00fdm skryt\u00fdm k\u0159\u00eddlem.<\/p>\n<hr \/>\n<p><strong>NAB\u00cdDKA PRODUKT\u016e:<\/strong><\/p>\n<ul>\n<li><span style=\"font-size: 16px;\"><strong><a href=\"http:\/\/alventis.cz\/index.php\/nabidka-produktu-2\/hlinikove-vyplne-otvoru\/vstupni-dvere\/dvere-se-skrytym-kridlem-cs-86-hi\/\">DVE\u0158E SE SKRYT\u00ddM K\u0158\u00cdDLEM (CS 86 &#8211; HI)<\/a><\/strong><\/span><\/li>\n<li><span style=\"font-size: 16px;\"><strong><a href=\"http:\/\/alventis.cz\/index.php\/nabidka-produktu-2\/hlinikove-vyplne-otvoru\/vstupni-dvere\/dvere-s-biometrickym-pristupem\/\">DVE\u0158E S BIOMETRICK\u00ddM P\u0158\u00cdSTUPEM<\/a><\/strong><\/span><\/li>\n<\/ul>\n","protected":false},"excerpt":{"rendered":"<p>V\u00fdrazn\u00fdm architektonick\u00fdm prvkem se mohou st\u00e1t vstupn\u00ed dve\u0159e a port\u00e1ly. D\u00edky vysok\u00e9 pevnosti hlin\u00edkov\u00fdch profil\u016f v kombinaci s kvalitn\u00edm atestovan\u00fdm bezpe\u010dnostn\u00edm z\u00e1mkem a bezpe\u010dnostn\u00edm sklem je zaji\u0161t\u011bna vysok\u00e1 odolnost proti vloup\u00e1n\u00ed. Zaj\u00edmav\u00fdm \u0159e\u0161en\u00edm je pou\u017eit\u00ed elektromotorick\u00e9ho z\u00e1mku, ovl\u00e1dan\u00e9ho \u010dte\u010dkou otisku prstu. Obl\u00edben\u00e9 proveden\u00ed vstupn\u00edch dve\u0159\u00ed je s takzvan\u00fdm skryt\u00fdm k\u0159\u00eddlem. NAB\u00cdDKA PRODUKT\u016e: DVE\u0158E SE SKRYT\u00ddM [&hellip;]<\/p>\n","protected":false},"author":1,"featured_media":0,"parent":377,"menu_order":23,"comment_status":"closed","ping_status":"closed","template":"","meta":{"ngg_post_thumbnail":0},"yoast_head":"<!-- This site is optimized with the Yoast SEO plugin v16.9 - https:\/\/yoast.com\/wordpress\/plugins\/seo\/ -->\n<title>Vlastimil Mikl - Alventis, vstupn\u00ed dve\u0159e<\/title>\n<meta name=\"description\" content=\"V\u00fdrazn\u00fdm architektonick\u00fdm prvkem se mohou st\u00e1t vstupn\u00ed dve\u0159e a port\u00e1ly. D\u00edky vysok\u00e9 pevnosti hlin\u00edkov\u00fdch profil\u016f v kombinaci s kvalitn\u00edm atestovan\u00fdm ...\" \/>\n<meta name=\"robots\" content=\"index, follow, max-snippet:-1, max-image-preview:large, max-video-preview:-1\" \/>\n<link rel=\"canonical\" href=\"https:\/\/alventis.cz\/index.php\/vyrobni-program\/hlinikove-vyplne-otvoru\/vstupni-dvere\/\" \/>\n<meta property=\"og:locale\" content=\"cs_CZ\" \/>\n<meta property=\"og:type\" content=\"article\" \/>\n<meta property=\"og:title\" content=\"Vlastimil Mikl - Alventis, vstupn\u00ed dve\u0159e\" \/>\n<meta property=\"og:description\" content=\"V\u00fdrazn\u00fdm architektonick\u00fdm prvkem se mohou st\u00e1t vstupn\u00ed dve\u0159e a port\u00e1ly. D\u00edky vysok\u00e9 pevnosti hlin\u00edkov\u00fdch profil\u016f v kombinaci s kvalitn\u00edm atestovan\u00fdm ...\" \/>\n<meta property=\"og:url\" content=\"https:\/\/alventis.cz\/index.php\/vyrobni-program\/hlinikove-vyplne-otvoru\/vstupni-dvere\/\" \/>\n<meta property=\"og:site_name\" content=\"Alventis\" \/>\n<meta property=\"article:modified_time\" content=\"2016-07-30T16:05:14+00:00\" \/>\n<meta name=\"twitter:card\" content=\"summary\" \/>\n<meta name=\"twitter:label1\" content=\"Odhadovan\u00e1 doba \u010dten\u00ed\" \/>\n\t<meta name=\"twitter:data1\" content=\"1 minuta\" \/>\n<script type=\"application\/ld+json\" class=\"yoast-schema-graph\">{\"@context\":\"https:\/\/schema.org\",\"@graph\":[{\"@type\":\"Organization\",\"@id\":\"https:\/\/alventis.cz\/#organization\",\"name\":\"Vlastimil Mikl - Alventis\",\"url\":\"https:\/\/alventis.cz\/\",\"sameAs\":[],\"logo\":{\"@type\":\"ImageObject\",\"@id\":\"https:\/\/alventis.cz\/#logo\",\"inLanguage\":\"cs\",\"url\":\"http:\/\/alventis.cz\/wp-content\/uploads\/2016\/05\/logo_finish.png\",\"contentUrl\":\"http:\/\/alventis.cz\/wp-content\/uploads\/2016\/05\/logo_finish.png\",\"width\":250,\"height\":90,\"caption\":\"Vlastimil Mikl - Alventis\"},\"image\":{\"@id\":\"https:\/\/alventis.cz\/#logo\"}},{\"@type\":\"WebSite\",\"@id\":\"https:\/\/alventis.cz\/#website\",\"url\":\"https:\/\/alventis.cz\/\",\"name\":\"Alventis\",\"description\":\"Hlin\\u00edkov\\u00e1 okna, dve\\u0159e, ventila\\u010dn\\u00ed m\\u0159\\u00ed\\u017eky\",\"publisher\":{\"@id\":\"https:\/\/alventis.cz\/#organization\"},\"potentialAction\":[{\"@type\":\"SearchAction\",\"target\":{\"@type\":\"EntryPoint\",\"urlTemplate\":\"https:\/\/alventis.cz\/?s={search_term_string}\"},\"query-input\":\"required name=search_term_string\"}],\"inLanguage\":\"cs\"},{\"@type\":\"WebPage\",\"@id\":\"https:\/\/alventis.cz\/index.php\/vyrobni-program\/hlinikove-vyplne-otvoru\/vstupni-dvere\/#webpage\",\"url\":\"https:\/\/alventis.cz\/index.php\/vyrobni-program\/hlinikove-vyplne-otvoru\/vstupni-dvere\/\",\"name\":\"Vlastimil Mikl - Alventis, vstupn\\u00ed dve\\u0159e\",\"isPartOf\":{\"@id\":\"https:\/\/alventis.cz\/#website\"},\"datePublished\":\"2016-03-15T20:27:38+00:00\",\"dateModified\":\"2016-07-30T16:05:14+00:00\",\"description\":\"V\\u00fdrazn\\u00fdm architektonick\\u00fdm prvkem se mohou st\\u00e1t vstupn\\u00ed dve\\u0159e a port\\u00e1ly. D\\u00edky vysok\\u00e9 pevnosti hlin\\u00edkov\\u00fdch profil\\u016f v kombinaci s kvalitn\\u00edm atestovan\\u00fdm ...\",\"breadcrumb\":{\"@id\":\"https:\/\/alventis.cz\/index.php\/vyrobni-program\/hlinikove-vyplne-otvoru\/vstupni-dvere\/#breadcrumb\"},\"inLanguage\":\"cs\",\"potentialAction\":[{\"@type\":\"ReadAction\",\"target\":[\"https:\/\/alventis.cz\/index.php\/vyrobni-program\/hlinikove-vyplne-otvoru\/vstupni-dvere\/\"]}]},{\"@type\":\"BreadcrumbList\",\"@id\":\"https:\/\/alventis.cz\/index.php\/vyrobni-program\/hlinikove-vyplne-otvoru\/vstupni-dvere\/#breadcrumb\",\"itemListElement\":[{\"@type\":\"ListItem\",\"position\":1,\"name\":\"Dom\\u016f\",\"item\":\"https:\/\/alventis.cz\/\"},{\"@type\":\"ListItem\",\"position\":2,\"name\":\"V\\u00fdrobn\\u00ed program\",\"item\":\"https:\/\/alventis.cz\/index.php\/vyrobni-program\/\"},{\"@type\":\"ListItem\",\"position\":3,\"name\":\"Hlin\\u00edkov\\u00e9 v\\u00fdpln\\u011b otvor\\u016f\",\"item\":\"https:\/\/alventis.cz\/index.php\/vyrobni-program\/hlinikove-vyplne-otvoru\/\"},{\"@type\":\"ListItem\",\"position\":4,\"name\":\"Vstupn\\u00ed dve\\u0159e\"}]}]}<\/script>\n<!-- \/ Yoast SEO plugin. -->","yoast_head_json":{"title":"Vlastimil Mikl - Alventis, vstupn\u00ed dve\u0159e","description":"V\u00fdrazn\u00fdm architektonick\u00fdm prvkem se mohou st\u00e1t vstupn\u00ed dve\u0159e a port\u00e1ly. D\u00edky vysok\u00e9 pevnosti hlin\u00edkov\u00fdch profil\u016f v kombinaci s kvalitn\u00edm atestovan\u00fdm ...","robots":{"index":"index","follow":"follow","max-snippet":"max-snippet:-1","max-image-preview":"max-image-preview:large","max-video-preview":"max-video-preview:-1"},"canonical":"https:\/\/alventis.cz\/index.php\/vyrobni-program\/hlinikove-vyplne-otvoru\/vstupni-dvere\/","og_locale":"cs_CZ","og_type":"article","og_title":"Vlastimil Mikl - Alventis, vstupn\u00ed dve\u0159e","og_description":"V\u00fdrazn\u00fdm architektonick\u00fdm prvkem se mohou st\u00e1t vstupn\u00ed dve\u0159e a port\u00e1ly. D\u00edky vysok\u00e9 pevnosti hlin\u00edkov\u00fdch profil\u016f v kombinaci s kvalitn\u00edm atestovan\u00fdm ...","og_url":"https:\/\/alventis.cz\/index.php\/vyrobni-program\/hlinikove-vyplne-otvoru\/vstupni-dvere\/","og_site_name":"Alventis","article_modified_time":"2016-07-30T16:05:14+00:00","twitter_card":"summary","twitter_misc":{"Odhadovan\u00e1 doba \u010dten\u00ed":"1 minuta"},"schema":{"@context":"https:\/\/schema.org","@graph":[{"@type":"Organization","@id":"https:\/\/alventis.cz\/#organization","name":"Vlastimil Mikl - Alventis","url":"https:\/\/alventis.cz\/","sameAs":[],"logo":{"@type":"ImageObject","@id":"https:\/\/alventis.cz\/#logo","inLanguage":"cs","url":"http:\/\/alventis.cz\/wp-content\/uploads\/2016\/05\/logo_finish.png","contentUrl":"http:\/\/alventis.cz\/wp-content\/uploads\/2016\/05\/logo_finish.png","width":250,"height":90,"caption":"Vlastimil Mikl - Alventis"},"image":{"@id":"https:\/\/alventis.cz\/#logo"}},{"@type":"WebSite","@id":"https:\/\/alventis.cz\/#website","url":"https:\/\/alventis.cz\/","name":"Alventis","description":"Hlin\u00edkov\u00e1 okna, dve\u0159e, ventila\u010dn\u00ed m\u0159\u00ed\u017eky","publisher":{"@id":"https:\/\/alventis.cz\/#organization"},"potentialAction":[{"@type":"SearchAction","target":{"@type":"EntryPoint","urlTemplate":"https:\/\/alventis.cz\/?s={search_term_string}"},"query-input":"required name=search_term_string"}],"inLanguage":"cs"},{"@type":"WebPage","@id":"https:\/\/alventis.cz\/index.php\/vyrobni-program\/hlinikove-vyplne-otvoru\/vstupni-dvere\/#webpage","url":"https:\/\/alventis.cz\/index.php\/vyrobni-program\/hlinikove-vyplne-otvoru\/vstupni-dvere\/","name":"Vlastimil Mikl - Alventis, vstupn\u00ed dve\u0159e","isPartOf":{"@id":"https:\/\/alventis.cz\/#website"},"datePublished":"2016-03-15T20:27:38+00:00","dateModified":"2016-07-30T16:05:14+00:00","description":"V\u00fdrazn\u00fdm architektonick\u00fdm prvkem se mohou st\u00e1t vstupn\u00ed dve\u0159e a port\u00e1ly. D\u00edky vysok\u00e9 pevnosti hlin\u00edkov\u00fdch profil\u016f v kombinaci s kvalitn\u00edm atestovan\u00fdm ...","breadcrumb":{"@id":"https:\/\/alventis.cz\/index.php\/vyrobni-program\/hlinikove-vyplne-otvoru\/vstupni-dvere\/#breadcrumb"},"inLanguage":"cs","potentialAction":[{"@type":"ReadAction","target":["https:\/\/alventis.cz\/index.php\/vyrobni-program\/hlinikove-vyplne-otvoru\/vstupni-dvere\/"]}]},{"@type":"BreadcrumbList","@id":"https:\/\/alventis.cz\/index.php\/vyrobni-program\/hlinikove-vyplne-otvoru\/vstupni-dvere\/#breadcrumb","itemListElement":[{"@type":"ListItem","position":1,"name":"Dom\u016f","item":"https:\/\/alventis.cz\/"},{"@type":"ListItem","position":2,"name":"V\u00fdrobn\u00ed program","item":"https:\/\/alventis.cz\/index.php\/vyrobni-program\/"},{"@type":"ListItem","position":3,"name":"Hlin\u00edkov\u00e9 v\u00fdpln\u011b otvor\u016f","item":"https:\/\/alventis.cz\/index.php\/vyrobni-program\/hlinikove-vyplne-otvoru\/"},{"@type":"ListItem","position":4,"name":"Vstupn\u00ed dve\u0159e"}]}]}},"_links":{"self":[{"href":"https:\/\/alventis.cz\/index.php\/wp-json\/wp\/v2\/pages\/433"}],"collection":[{"href":"https:\/\/alventis.cz\/index.php\/wp-json\/wp\/v2\/pages"}],"about":[{"href":"https:\/\/alventis.cz\/index.php\/wp-json\/wp\/v2\/types\/page"}],"author":[{"embeddable":true,"href":"https:\/\/alventis.cz\/index.php\/wp-json\/wp\/v2\/users\/1"}],"replies":[{"embeddable":true,"href":"https:\/\/alventis.cz\/index.php\/wp-json\/wp\/v2\/comments?post=433"}],"version-history":[{"count":1,"href":"https:\/\/alventis.cz\/index.php\/wp-json\/wp\/v2\/pages\/433\/revisions"}],"predecessor-version":[{"id":1652,"href":"https:\/\/alventis.cz\/index.php\/wp-json\/wp\/v2\/pages\/433\/revisions\/1652"}],"up":[{"embeddable":true,"href":"https:\/\/alventis.cz\/index.php\/wp-json\/wp\/v2\/pages\/377"}],"wp:attachment":[{"href":"https:\/\/alventis.cz\/index.php\/wp-json\/wp\/v2\/media?parent=433"}],"curies":[{"name":"wp","href":"https:\/\/api.w.org\/{rel}","templated":true}]}}